{"id":85,"date":"2024-08-30T20:42:45","date_gmt":"2024-08-30T20:42:45","guid":{"rendered":"https:\/\/aprocomsa.hn\/?page_id=85"},"modified":"2024-08-31T16:49:31","modified_gmt":"2024-08-31T16:49:31","slug":"contacto","status":"publish","type":"page","link":"https:\/\/aprocomsa.hn\/index.php\/contacto\/","title":{"rendered":"Contacto"},"content":{"rendered":"\n<div class=\"section-wrapper\" data-id=\"BzZ5Di\"><section class=\"wp-block-gutenverse-section guten-element guten-section guten-BzZ5Di layout-boxed align-stretch\"><div class=\"guten-container guten-column-gap-no\">\n<div class=\"wp-block-gutenverse-column guten-element guten-column guten-iCgBnH\"><div class=\"guten-column-wrapper\" data-id=\"iCgBnH\">\n<div class=\"wp-block-gutenverse-image guten-element guten-image guten-ITwWw3\"><div class=\"guten-image-wrapper\"><img loading=\"lazy\" decoding=\"async\" class=\"gutenverse-image-box-filled\" src=\"https:\/\/aprocomsa.hn\/wp-content\/uploads\/2024\/08\/Apro-Logo-Blanco.png\" height=\"254\" width=\"1000\"\/><\/div><\/div>\n<\/div><\/div>\n\n\n\n<div class=\"wp-block-gutenverse-column guten-element guten-column guten-0Qy3tx\"><div class=\"guten-column-wrapper\" data-id=\"0Qy3tx\"><div id=\"guten-EiT5AD\" class=\"guten-element guten-nav-menu nav-menu break-point-tablet submenu-click-title \" data-item-indicator=\"fas fa-angle-down\" data-close-on-click=\"1\">\n\t\t\t<div class=\"gutenverse-hamburger-wrapper\">\n\t\t\t\t<button class=\"gutenverse-hamburger-menu\">\n\t\t\t\t\t<i aria-hidden=\"true\" class=\"fas fa-bars\"><\/i>\n\t\t\t\t<\/button>\n\t\t\t<\/div>\n\t\t\t<div class=\"gutenverse-menu-wrapper\"><div class=\"gutenverse-menu-container\"><ul id=\"menu-menu-main\" class=\"gutenverse-menu\"><li id=\"menu-item-64\" class=\"menu-item menu-item-type-custom menu-item-object-custom menu-item-home menu-item-64\"><a href=\"javascript:void(0);\" data-href=\"https:\/\/aprocomsa.hn\/\">Inicio<\/a><\/li>\n<li id=\"menu-item-65\" class=\"menu-item menu-item-type-post_type menu-item-object-page menu-item-65\"><a href=\"javascript:void(0);\" data-href=\"https:\/\/aprocomsa.hn\/index.php\/acerca-de\/\">Acerca de<\/a><\/li>\n<li id=\"menu-item-308\" class=\"menu-item menu-item-type-post_type menu-item-object-page menu-item-has-children menu-item-308\"><a href=\"javascript:void(0);\" data-href=\"https:\/\/aprocomsa.hn\/index.php\/273-2\/\">Noticias<\/a>\n<ul class=\"sub-menu\">\n\t<li id=\"menu-item-309\" class=\"menu-item menu-item-type-post_type menu-item-object-page menu-item-309\"><a href=\"javascript:void(0);\" data-href=\"https:\/\/aprocomsa.hn\/index.php\/comunicados\/\">Comunicados<\/a><\/li>\n<\/ul>\n<\/li>\n<li id=\"menu-item-95\" class=\"menu-item menu-item-type-post_type menu-item-object-page menu-item-95\"><a href=\"javascript:void(0);\" data-href=\"https:\/\/aprocomsa.hn\/index.php\/contacto\/\">Contacto<\/a><\/li>\n<\/ul><\/div>\n\t\t\t\t<div>\n\t\t\t\t\t<div class=\"gutenverse-nav-identity-panel\">\n\t\t\t\t\t\t<div class=\"gutenverse-nav-site-title\">\n\t\t\t\t\t\t\t<a href=\"https:\/\/aprocomsa.hn\" class=\"gutenverse-nav-logo\"><img decoding=\"async\" src=\"https:\/\/aprocomsa.hn\/wp-content\/uploads\/2024\/08\/logo-startupzy-2.webp\" alt=\"APROCOMSA - \"><\/a>\n\t\t\t\t\t\t<\/div>\n\t\t\t\t\t\t<button class=\"gutenverse-close-menu\"><i aria-hidden=\"true\" class=\"fas fa-times\"><\/i><\/button>\n\t\t\t\t\t<\/div>\n\t\t\t\t<\/div>\n\t\t\t<\/div>\n\t\t<\/div><\/div><\/div>\n\n\n\n<div class=\"wp-block-gutenverse-column guten-element guten-column guten-7A98Ew hide-tablet hide-mobile\"><div class=\"guten-column-wrapper\" data-id=\"7A98Ew\">\n<div class=\"guten-element guten-button-wrapper guten-oRLEqU\"><a class=\"guten-button guten-button-sm\" href=\"#\"><i class=\"fa-lg fas fa-phone-alt\"><\/i><span>Contact Us<\/span><\/a><\/div>\n<\/div><\/div>\n<\/div><\/section><\/div>\n\n\n\n<div class=\"section-wrapper\" data-id=\"vgtedQ\"><section class=\"wp-block-gutenverse-section guten-element guten-section guten-vgtedQ layout-boxed align-stretch\"><div class=\"guten-background-overlay\"><\/div><div class=\"guten-container guten-column-gap-default\">\n<div class=\"wp-block-gutenverse-column guten-element guten-column guten-aitJAA\"><div class=\"guten-column-wrapper\" data-id=\"aitJAA\">\n<h2 class=\"wp-block-gutenverse-heading guten-element guten-UJOYbN\">Contacto<\/h2>\n\n\n\n<div class=\"guten-element guten-icon-list guten-yUT08E inline-icon-list\">\n<div class=\"guten-element guten-icon-list-item guten-FlGxdo\"><a id=\"guten-FlGxdo\" href=\"https:\/\/aprocomsa.hn\"><span class=\"list-text no-icon\">Inicio <\/span><\/a><\/div>\n\n\n\n<div class=\"guten-element guten-icon-list-item guten-xiZ18v\"><a id=\"guten-xiZ18v\"><i class=\"fas fa-chevron-right\"><\/i><span class=\"list-text \">Contacto<\/span><\/a><\/div>\n<\/div>\n<\/div><\/div>\n<\/div><\/section><\/div>\n\n\n\n<div class=\"section-wrapper\" data-id=\"2cw8B7\"><section class=\"wp-block-gutenverse-section guten-element guten-section guten-2cw8B7 layout-boxed align-stretch\"><div class=\"guten-container guten-column-gap-default\">\n<div class=\"wp-block-gutenverse-column guten-element guten-column guten-CWslS9 animated guten-element-hide desktop-fadeInLeft\"><div class=\"guten-column-wrapper\" data-id=\"CWslS9\">\n<form style=\"display:none\" class=\"guten-element guten-form-builder guten-TZtAs1\">\n<div class=\"guten-element guten-form-input-text guten-form-input guten-input-position-top guten-3bX8Ol hide-label hide-helper\"><div class=\"label-wrapper\"><\/div><div class=\"main-wrapper\"><input data-validation=\"{&quot;type&quot;:&quot;text&quot;,&quot;required&quot;:false,&quot;validationType&quot;:&quot;none&quot;,&quot;validationWarning&quot;:&quot;Input Invalid&quot;}\" placeholder=\"Nombre\" name=\"input-text-name\" class=\"gutenverse-input gutenverse-input-text\" type=\"text\"\/><div class=\"validation-error\">Input Invalid<\/div><\/div><\/div>\n\n\n\n<div class=\"guten-element guten-form-input-email guten-form-input guten-input-position-top guten-oXyIca hide-label hide-helper\"><div class=\"label-wrapper\"><\/div><div class=\"main-wrapper\"><input data-validation=\"{&quot;type&quot;:&quot;email&quot;,&quot;required&quot;:false,&quot;validationType&quot;:&quot;none&quot;,&quot;validationWarning&quot;:&quot;Input Invalid&quot;}\" placeholder=\"Email\" name=\"input-email\" class=\"gutenverse-input gutenverse-input-email\" type=\"email\"\/><div class=\"validation-error\">Input Invalid<\/div><\/div><\/div>\n\n\n\n<div class=\"guten-element guten-form-input-text guten-form-input guten-input-position-top guten-pK01mc hide-label hide-helper\"><div class=\"label-wrapper\"><\/div><div class=\"main-wrapper\"><input data-validation=\"{&quot;type&quot;:&quot;text&quot;,&quot;required&quot;:false,&quot;validationType&quot;:&quot;none&quot;,&quot;validationWarning&quot;:&quot;Input Invalid&quot;}\" placeholder=\"Asunto\" name=\"input-text-name\" class=\"gutenverse-input gutenverse-input-text\" type=\"text\"\/><div class=\"validation-error\">Input Invalid<\/div><\/div><\/div>\n\n\n\n<div class=\"guten-element guten-form-input-textarea guten-form-input guten-input-position-top guten-aM3jG3 hide-label hide-helper\"><div class=\"label-wrapper\"><\/div><div class=\"main-wrapper\"><textarea data-validation=\"{&quot;type&quot;:&quot;textarea&quot;,&quot;required&quot;:false,&quot;validationType&quot;:&quot;none&quot;,&quot;validationWarning&quot;:&quot;Input Invalid&quot;}\" placeholder=\"Tu mensaje\" name=\"input-textarea\" class=\"gutenverse-input gutenverse-input-text\"><\/textarea><div class=\"validation-error\">Input Invalid<\/div><\/div><\/div>\n\n\n\n<div class=\"guten-element guten-button-wrapper guten-submit-wrapper guten-8fxoMT\"><div class=\"form-notification\"><\/div><button class=\"guten-button gutenverse-input-submit guten-button-sm\" type=\"submit\"><span>Enviar Mensaje<\/span><\/button><div class=\"gutenverse-input-submit-loader\"><i class=\"fas fa-spinner fa-spin\"><\/i><\/div><\/div>\n<\/form>\n<\/div><\/div>\n\n\n\n<div class=\"wp-block-gutenverse-column guten-element guten-column guten-tCwytO\"><div class=\"guten-column-wrapper\" data-id=\"tCwytO\">\n<h5 class=\"wp-block-gutenverse-heading guten-element guten-aMPUWb animated guten-element-hide desktop-fadeInRight\">ContACT\u00c1NOS<\/h5>\n\n\n\n<h2 class=\"wp-block-gutenverse-heading guten-element guten-3kS4kk animated guten-element-hide desktop-fadeInRight\">Ponte en contacto con nosotros<\/h2>\n\n\n\n<div class=\"guten-element gutenverse-text-editor guten-bwmK4G animated guten-element-hide desktop-fadeInRight\"><div class=\"text-content-inner\">\n<p>No dudes en ponerte en contacto con nosotros a trav\u00e9s de nuestro formulario en l\u00ednea, por correo electr\u00f3nico o llam\u00e1ndonos directamente.<\/p>\n<\/div><\/div>\n\n\n\n<div class=\"section-wrapper\" data-id=\"7z09Io\"><section class=\"wp-block-gutenverse-section guten-element guten-section guten-7z09Io layout-boxed align-stretch\"><div class=\"guten-container guten-column-gap-no\">\n<div class=\"wp-block-gutenverse-column guten-element guten-column guten-Ol0DVU\"><div class=\"guten-column-wrapper\" data-id=\"Ol0DVU\">\n<div class=\"guten-element guten-7MwyZd animated guten-element-hide desktop-fadeInRight guten-icon-box icon-position-left\"><div class=\"guten-icon-box-wrapper hover-from-left\"><div class=\"icon-box icon-box-header\"><div class=\"icon style-color\"><i class=\"gtn gtn-home1-light\"><\/i><\/div><\/div><div class=\"icon-box icon-box-body\"><h3 class=\"title\">Marcala, La Paz<\/h3><p class=\"icon-box-description\">Barrio La Victoria<\/p><\/div><\/div><\/div>\n<\/div><\/div>\n\n\n\n<div class=\"wp-block-gutenverse-column guten-element guten-column guten-ry5osU\"><div class=\"guten-column-wrapper\" data-id=\"ry5osU\">\n<div class=\"guten-element guten-nQqKlc animated guten-element-hide desktop-fadeInRight guten-icon-box icon-position-left\"><div class=\"guten-icon-box-wrapper hover-from-left\"><div class=\"icon-box icon-box-header\"><div class=\"icon style-color\"><i class=\"gtn gtn-social-care-light\"><\/i><\/div><\/div><div class=\"icon-box icon-box-body\"><h3 class=\"title\">Perfiles sociales<\/h3><p class=\"icon-box-description\">Aprocomsa<\/p><\/div><\/div><\/div>\n<\/div><\/div>\n<\/div><\/section><\/div>\n\n\n\n<div class=\"section-wrapper\" data-id=\"k5uquA\"><section class=\"wp-block-gutenverse-section guten-element guten-section guten-k5uquA layout-boxed align-stretch\"><div class=\"guten-container guten-column-gap-no\">\n<div class=\"wp-block-gutenverse-column guten-element guten-column guten-lQPNC0\"><div class=\"guten-column-wrapper\" data-id=\"lQPNC0\">\n<div class=\"guten-element guten-HE6K3N animated guten-element-hide desktop-fadeInRight guten-icon-box icon-position-left\"><div class=\"guten-icon-box-wrapper hover-from-left\"><div class=\"icon-box icon-box-header\"><div class=\"icon style-color\"><i class=\"gtn gtn-phone1-light\"><\/i><\/div><\/div><div class=\"icon-box icon-box-body\"><h3 class=\"title\">Llamadas<\/h3><p class=\"icon-box-description\">(+504)9218-9401<\/p><\/div><\/div><\/div>\n<\/div><\/div>\n\n\n\n<div class=\"wp-block-gutenverse-column guten-element guten-column guten-47yyzn\"><div class=\"guten-column-wrapper\" data-id=\"47yyzn\">\n<div class=\"guten-element guten-TTPwcH animated guten-element-hide desktop-fadeInRight guten-icon-box icon-position-left\"><div class=\"guten-icon-box-wrapper hover-from-left\"><div class=\"icon-box icon-box-header\"><div class=\"icon style-color\"><i class=\"gtn gtn-email1-light\"><\/i><\/div><\/div><div class=\"icon-box icon-box-body\"><h3 class=\"title\">Mensajes<\/h3><p class=\"icon-box-description\">info@aprocomsa.hn<\/p><\/div><\/div><\/div>\n<\/div><\/div>\n<\/div><\/section><\/div>\n\n\n\n<div class=\"wp-block-gutenverse-divider guten-element guten-divider guten-Xa0Gei animated guten-element-hide desktop-fadeInRight\"><div class=\"guten-divider-wrapper\"><div class=\"guten-divider-default guten-divider-line guten-divider-regular\"><\/div><\/div><\/div>\n\n\n\n<div class=\"section-wrapper\" data-id=\"liKhTV\"><section class=\"wp-block-gutenverse-section guten-element guten-section guten-liKhTV animated guten-element-hide desktop-fadeInRight layout-boxed align-stretch\"><div class=\"guten-container guten-column-gap-no\">\n<div class=\"wp-block-gutenverse-column guten-element guten-column guten-s9xqNo\"><div class=\"guten-column-wrapper\" data-id=\"s9xqNo\">\n<h2 class=\"wp-block-gutenverse-heading guten-element guten-3lnpuw\">Siguenos en redes sociales :<\/h2>\n<\/div><\/div>\n\n\n\n<div class=\"wp-block-gutenverse-column guten-element guten-column guten-r6CDT2\"><div class=\"guten-column-wrapper\" data-id=\"r6CDT2\">\n<div class=\"guten-element guten-social-icons guten-zYpKxB rounded horizontal custom\">\n<div class=\"guten-element guten-social-icon guten-A1jgck twitter\"><a id=\"guten-A1jgck\"><i class=\"fab fa-twitter\"><\/i><\/a><\/div>\n\n\n\n<div class=\"guten-element guten-social-icon guten-tmLzN3 facebook\"><a id=\"guten-tmLzN3\"><i class=\"gtn gtn-facebook-f\"><\/i><\/a><\/div>\n\n\n\n<div class=\"guten-element guten-social-icon guten-CW7vra instagram\"><a id=\"guten-CW7vra\"><i class=\"gtn gtn-instagram-1-light\"><\/i><\/a><\/div>\n\n\n\n<div class=\"guten-element guten-social-icon guten-OQq4te youtube\"><a id=\"guten-OQq4te\"><i class=\"fab fa-youtube\"><\/i><\/a><\/div>\n<\/div>\n<\/div><\/div>\n<\/div><\/section><\/div>\n<\/div><\/div>\n<\/div><\/section><\/div>\n\n\n\n<div class=\"section-wrapper\" data-id=\"HrmcEJ\"><section class=\"wp-block-gutenverse-section guten-element guten-section guten-HrmcEJ layout-fullwidth align-stretch\"><div class=\"guten-container guten-column-gap-no\">\n<div class=\"wp-block-gutenverse-column guten-element guten-column guten-q3lgRr\"><div class=\"guten-column-wrapper\" data-id=\"q3lgRr\">\n<div class=\"guten-element gutenverse-maps guten-oGEFfX\"><iframe frameborder=\"0\" scrolling=\"no\" marginheight=\"0\" marginwidth=\"0\" src=\"https:\/\/maps.google.com\/maps?q=Comsa%20Marcala&amp;z=17&amp;t=m&amp;output=embed&amp;iwloc=near\" title=\"Comsa Marcala\"><\/iframe><\/div>\n<\/div><\/div>\n<\/div><\/section><\/div>\n\n\n\n<div class=\"section-wrapper\" data-id=\"Jmjnhj\"><section class=\"wp-block-gutenverse-section guten-element guten-section guten-Jmjnhj layout-boxed align-stretch\"><div class=\"guten-shape-divider guten-shape-divider-top\"><\/div><div class=\"guten-container guten-column-gap-default\">\n<div class=\"wp-block-gutenverse-column guten-element guten-column guten-HTkVBY\"><div class=\"guten-column-wrapper\" data-id=\"HTkVBY\">\n<div class=\"section-wrapper\" data-id=\"LIBomp\"><section class=\"wp-block-gutenverse-section guten-element guten-section guten-LIBomp layout-boxed align-stretch\"><div class=\"guten-container guten-column-gap-default\">\n<div class=\"wp-block-gutenverse-column guten-element guten-column guten-S6ae5S\"><div class=\"guten-column-wrapper\" data-id=\"S6ae5S\">\n<h5 class=\"wp-block-gutenverse-heading guten-element guten-ujERR8\">Agenda una visIta <\/h5>\n\n\n\n<h2 class=\"wp-block-gutenverse-heading guten-element guten-GSKRu7\">Vive la experiencia de primera mano<\/h2>\n\n\n\n<div class=\"guten-element gutenverse-text-editor guten-1VUcNT\"><div class=\"text-content-inner\">\n<p>desde nuestro compromiso con la calidad hasta el cuidado que ponemos en cada proceso.<\/p>\n<\/div><\/div>\n<\/div><\/div>\n<\/div><\/section><\/div>\n\n\n\n<div class=\"section-wrapper\" data-id=\"ob9UeO\"><section class=\"wp-block-gutenverse-section guten-element guten-section guten-ob9UeO layout-boxed align-stretch\"><div class=\"guten-container guten-column-gap-no\">\n<div class=\"wp-block-gutenverse-column guten-element guten-column guten-GPSwAp\"><div class=\"guten-column-wrapper\" data-id=\"GPSwAp\"><\/div><\/div>\n<\/div><\/section><\/div>\n<\/div><\/div>\n<\/div><\/section><\/div>\n","protected":false},"excerpt":{"rendered":"","protected":false},"author":1,"featured_media":0,"parent":0,"menu_order":0,"comment_status":"closed","ping_status":"closed","template":"","meta":{"_uag_custom_page_level_css":"","footnotes":""},"class_list":["post-85","page","type-page","status-publish","hentry"],"uagb_featured_image_src":{"full":false,"thumbnail":false,"medium":false,"medium_large":false,"large":false,"1536x1536":false,"2048x2048":false},"uagb_author_info":{"display_name":"admin","author_link":"https:\/\/aprocomsa.hn\/index.php\/author\/admin_aprocomsa\/"},"uagb_comment_info":0,"uagb_excerpt":null,"_links":{"self":[{"href":"https:\/\/aprocomsa.hn\/index.php\/wp-json\/wp\/v2\/pages\/85","targetHints":{"allow":["GET"]}}],"collection":[{"href":"https:\/\/aprocomsa.hn\/index.php\/wp-json\/wp\/v2\/pages"}],"about":[{"href":"https:\/\/aprocomsa.hn\/index.php\/wp-json\/wp\/v2\/types\/page"}],"author":[{"embeddable":true,"href":"https:\/\/aprocomsa.hn\/index.php\/wp-json\/wp\/v2\/users\/1"}],"replies":[{"embeddable":true,"href":"https:\/\/aprocomsa.hn\/index.php\/wp-json\/wp\/v2\/comments?post=85"}],"version-history":[{"count":14,"href":"https:\/\/aprocomsa.hn\/index.php\/wp-json\/wp\/v2\/pages\/85\/revisions"}],"predecessor-version":[{"id":144,"href":"https:\/\/aprocomsa.hn\/index.php\/wp-json\/wp\/v2\/pages\/85\/revisions\/144"}],"wp:attachment":[{"href":"https:\/\/aprocomsa.hn\/index.php\/wp-json\/wp\/v2\/media?parent=85"}],"curies":[{"name":"wp","href":"https:\/\/api.w.org\/{rel}","templated":true}]}}