{"id":42,"date":"2024-08-29T22:42:11","date_gmt":"2024-08-29T22:42:11","guid":{"rendered":"https:\/\/aprocomsa.hn\/?page_id=42"},"modified":"2025-03-05T19:41:58","modified_gmt":"2025-03-05T19:41:58","slug":"acerca-de","status":"publish","type":"page","link":"https:\/\/aprocomsa.hn\/index.php\/acerca-de\/","title":{"rendered":"Acerca de"},"content":{"rendered":"\n<div class=\"section-wrapper\" data-id=\"BzZ5Di\"><section class=\"wp-block-gutenverse-section guten-element guten-section guten-BzZ5Di layout-boxed align-stretch\"><div class=\"guten-container guten-column-gap-no\">\n<div class=\"wp-block-gutenverse-column guten-element guten-column guten-iCgBnH\"><div class=\"guten-column-wrapper\" data-id=\"iCgBnH\">\n<div class=\"wp-block-gutenverse-image guten-element guten-image guten-ITwWw3\"><div class=\"guten-image-wrapper\"><img loading=\"lazy\" decoding=\"async\" class=\"gutenverse-image-box-filled\" src=\"https:\/\/aprocomsa.hn\/wp-content\/uploads\/2024\/08\/logo-startupzy.webp\" height=\"398\" width=\"1593\"\/><\/div><\/div>\n<\/div><\/div>\n\n\n\n<div class=\"wp-block-gutenverse-column guten-element guten-column guten-0Qy3tx\"><div class=\"guten-column-wrapper\" data-id=\"0Qy3tx\"><div id=\"guten-EiT5AD\" class=\"guten-element guten-nav-menu nav-menu break-point-tablet submenu-click-title \" data-item-indicator=\"fas fa-angle-down\" data-close-on-click=\"1\">\n\t\t\t<div class=\"gutenverse-hamburger-wrapper\">\n\t\t\t\t<button class=\"gutenverse-hamburger-menu\">\n\t\t\t\t\t<i aria-hidden=\"true\" class=\"fas fa-bars\"><\/i>\n\t\t\t\t<\/button>\n\t\t\t<\/div>\n\t\t\t<div class=\"gutenverse-menu-wrapper\"><div class=\"gutenverse-menu-container\"><ul id=\"menu-menu-main\" class=\"gutenverse-menu\"><li id=\"menu-item-64\" class=\"menu-item menu-item-type-custom menu-item-object-custom menu-item-home menu-item-64\"><a href=\"javascript:void(0);\" data-href=\"https:\/\/aprocomsa.hn\/\">Inicio<\/a><\/li>\n<li id=\"menu-item-65\" class=\"menu-item menu-item-type-post_type menu-item-object-page menu-item-65\"><a href=\"javascript:void(0);\" data-href=\"https:\/\/aprocomsa.hn\/index.php\/acerca-de\/\">Acerca de<\/a><\/li>\n<li id=\"menu-item-308\" class=\"menu-item menu-item-type-post_type menu-item-object-page menu-item-has-children menu-item-308\"><a href=\"javascript:void(0);\" data-href=\"https:\/\/aprocomsa.hn\/index.php\/273-2\/\">Noticias<\/a>\n<ul class=\"sub-menu\">\n\t<li id=\"menu-item-309\" class=\"menu-item menu-item-type-post_type menu-item-object-page menu-item-309\"><a href=\"javascript:void(0);\" data-href=\"https:\/\/aprocomsa.hn\/index.php\/comunicados\/\">Comunicados<\/a><\/li>\n<\/ul>\n<\/li>\n<li id=\"menu-item-95\" class=\"menu-item menu-item-type-post_type menu-item-object-page menu-item-95\"><a href=\"javascript:void(0);\" data-href=\"https:\/\/aprocomsa.hn\/index.php\/contacto\/\">Contacto<\/a><\/li>\n<\/ul><\/div>\n\t\t\t\t<div>\n\t\t\t\t\t<div class=\"gutenverse-nav-identity-panel\">\n\t\t\t\t\t\t<div class=\"gutenverse-nav-site-title\">\n\t\t\t\t\t\t\t<a href=\"https:\/\/aprocomsa.hn\" class=\"gutenverse-nav-logo\"><img decoding=\"async\" src=\"https:\/\/aprocomsa.hn\/wp-content\/uploads\/2024\/08\/logo-startupzy-2.webp\" alt=\"APROCOMSA - \"><\/a>\n\t\t\t\t\t\t<\/div>\n\t\t\t\t\t\t<button class=\"gutenverse-close-menu\"><i aria-hidden=\"true\" class=\"fas fa-times\"><\/i><\/button>\n\t\t\t\t\t<\/div>\n\t\t\t\t<\/div>\n\t\t\t<\/div>\n\t\t<\/div><\/div><\/div>\n\n\n\n<div class=\"wp-block-gutenverse-column guten-element guten-column guten-7A98Ew hide-tablet hide-mobile\"><div class=\"guten-column-wrapper\" data-id=\"7A98Ew\">\n<div class=\"guten-element guten-button-wrapper guten-oRLEqU\"><a class=\"guten-button guten-button-sm\" href=\"#\"><i class=\"fa-lg fas fa-phone-alt\"><\/i><span>Contact Us<\/span><\/a><\/div>\n<\/div><\/div>\n<\/div><\/section><\/div>\n\n\n\n<div class=\"section-wrapper\" data-id=\"Vnh01w\"><section class=\"wp-block-gutenverse-section guten-element guten-section guten-Vnh01w layout-boxed align-stretch\"><div class=\"guten-background-overlay\"><\/div><div class=\"guten-container guten-column-gap-default\">\n<div class=\"wp-block-gutenverse-column guten-element guten-column guten-x4HI5u\"><div class=\"guten-column-wrapper\" data-id=\"x4HI5u\">\n<h2 class=\"wp-block-gutenverse-heading guten-element guten-EBtrsb\">Acerca de nosotros<\/h2>\n\n\n\n<div class=\"guten-element guten-icon-list guten-ZW8ocs inline-icon-list\">\n<div class=\"guten-element guten-icon-list-item guten-sicaeL\"><a id=\"guten-sicaeL\" href=\"https:\/\/aprocomsa.hn\"><span class=\"list-text no-icon\">Inicio<\/span><\/a><\/div>\n\n\n\n<div class=\"guten-element guten-icon-list-item guten-AXsPLs\"><a id=\"guten-AXsPLs\"><i class=\"fas fa-chevron-right\"><\/i><span class=\"list-text \">Nosotros<\/span><\/a><\/div>\n<\/div>\n<\/div><\/div>\n<\/div><\/section><\/div>\n\n\n\n<div class=\"section-wrapper\" data-id=\"RZRJHk\"><section class=\"wp-block-gutenverse-section guten-element guten-section guten-RZRJHk layout-boxed align-stretch\"><div class=\"guten-container guten-column-gap-no\">\n<div class=\"wp-block-gutenverse-column guten-element guten-column guten-Fue21G animated guten-element-hide desktop-fadeInLeft\"><div class=\"guten-column-wrapper\" data-id=\"Fue21G\">\n<div class=\"guten-element guten-spacer guten-kKdrWZ\"><\/div>\n\n\n\n<div class=\"section-wrapper\" data-id=\"qIBu0C\"><section class=\"wp-block-gutenverse-section guten-element guten-section guten-qIBu0C animated guten-element-hide desktop-fadeInUp layout-boxed align-stretch\"><div class=\"guten-container guten-column-gap-no\">\n<div class=\"wp-block-gutenverse-column guten-element guten-column guten-vNejbR\"><div class=\"guten-column-wrapper\" data-id=\"vNejbR\">\n<div class=\"guten-element gutenverse-text-editor guten-eUzvly\"><div class=\"text-content-inner\">\n<p>\u00abUnimos esfuerzos con solidaridad y honestidad para llevar el caf\u00e9 de nuestros productores al mundo, con equidad y sostenibilidad en cada paso.\u00bb<\/p>\n<\/div><\/div>\n\n\n\n<div class=\"wp-block-gutenverse-icon guten-element guten-0Iwnvk guten-icon\"><span class=\"guten-icon-wrapper custom stacked\"><i class=\"gtn gtn-quote-light\"><\/i><\/span><\/div>\n<\/div><\/div>\n<\/div><\/section><\/div>\n<\/div><\/div>\n\n\n\n<div class=\"wp-block-gutenverse-column guten-element guten-column guten-Mkf66Z\"><div class=\"guten-column-wrapper\" data-id=\"Mkf66Z\">\n<h2 class=\"wp-block-gutenverse-heading guten-element guten-8tsn0I animated guten-element-hide desktop-fadeInRight\">Acerca de APROCOMSA<\/h2>\n\n\n\n<h2 class=\"wp-block-gutenverse-heading guten-element guten-yON6T7 animated guten-element-hide desktop-fadeInRight\">Misi\u00f3n<\/h2>\n\n\n\n<div class=\"guten-element gutenverse-text-editor guten-zr2EpN animated guten-element-hide desktop-fadeInRight\"><div class=\"text-content-inner\">\n<p>Somos una asociaci\u00f3n de productores de caf\u00e9s&nbsp;diferenciados, dedicados a la industrializaci\u00f3n y comercializaci\u00f3n&nbsp;para&nbsp;diferentes mercados, basando nuestras actividades y operaciones en:<\/p>\n<\/div><\/div>\n\n\n\n<div class=\"section-wrapper\" data-id=\"LehVX1\"><section class=\"wp-block-gutenverse-section guten-element guten-section guten-LehVX1 layout-boxed align-stretch\"><div class=\"guten-container guten-column-gap-no\">\n<div class=\"wp-block-gutenverse-column guten-element guten-column guten-8mPrNG animated guten-element-hide desktop-fadeInRight\"><div class=\"guten-column-wrapper\" data-id=\"8mPrNG\">\n<div class=\"guten-element guten-icon-list guten-3YMEeF\">\n<div class=\"guten-element guten-icon-list-item guten-L9enhA\"><a id=\"guten-L9enhA\"><i class=\"fas fa-check-circle\"><\/i><span class=\"list-text \">Equidad<\/span><\/a><\/div>\n\n\n\n<div class=\"guten-element guten-icon-list-item guten-4TltBM\"><a id=\"guten-4TltBM\"><i class=\"fas fa-check-circle\"><\/i><span class=\"list-text \">Honestidad<\/span><\/a><\/div>\n\n\n\n<div class=\"guten-element guten-icon-list-item guten-VyXNSp\"><a id=\"guten-VyXNSp\"><i class=\"fas fa-check-circle\"><\/i><span class=\"list-text \">Justicia<\/span><\/a><\/div>\n<\/div>\n<\/div><\/div>\n\n\n\n<div class=\"wp-block-gutenverse-column guten-element guten-column guten-tqdPHc animated guten-element-hide desktop-fadeInRight\"><div class=\"guten-column-wrapper\" data-id=\"tqdPHc\">\n<div class=\"guten-element guten-icon-list guten-H7juWy\">\n<div class=\"guten-element guten-icon-list-item guten-6CY4iD\"><a id=\"guten-6CY4iD\"><i class=\"fas fa-check-circle\"><\/i><span class=\"list-text \">Solidaridad<\/span><\/a><\/div>\n\n\n\n<div class=\"guten-element guten-icon-list-item guten-6Spv91\"><a id=\"guten-6Spv91\"><i class=\"fas fa-check-circle\"><\/i><span class=\"list-text \">Sostenibilidad<\/span><\/a><\/div>\n\n\n\n<div class=\"guten-element guten-icon-list-item guten-nC3xr2\"><a id=\"guten-nC3xr2\"><i class=\"fas fa-check-circle\"><\/i><span class=\"list-text \">Participaci\u00f3n<\/span><\/a><\/div>\n<\/div>\n<\/div><\/div>\n<\/div><\/section><\/div>\n\n\n\n<h4 class=\"wp-block-gutenverse-heading guten-element guten-gE2j61 animated guten-element-hide desktop-fadeInRight\">Cada uno de estos valores involucrados en todas nuestras acciones.<\/h4>\n<\/div><\/div>\n<\/div><\/section><\/div>\n\n\n\n<div class=\"section-wrapper\" data-id=\"OqBJa3\"><section class=\"wp-block-gutenverse-section guten-element guten-section guten-OqBJa3 layout-boxed align-stretch\"><div class=\"guten-background-overlay\"><\/div><div class=\"guten-container guten-column-gap-default\">\n<div class=\"wp-block-gutenverse-column guten-element guten-column guten-PF1k7w\"><div class=\"guten-column-wrapper\" data-id=\"PF1k7w\">\n<h3 class=\"wp-block-gutenverse-heading guten-element guten-vw6wJm animated guten-element-hide desktop-fadeInUp\">VISI\u00d3N<\/h3>\n\n\n\n<h2 class=\"wp-block-gutenverse-heading guten-element guten-OBWF5r animated guten-element-hide desktop-fadeInUp\">Ser un referente de la producci\u00f3n de caf\u00e9 de calidad,<\/h2>\n\n\n\n<div class=\"guten-element gutenverse-text-editor guten-2ST0Pm animated guten-element-hide desktop-fadeInUp\"><div class=\"text-content-inner\">\n<p>con&nbsp;responsabilidad social, ambiental, \u00e9tico,&nbsp;&nbsp;certificado con los&nbsp;reglamentos de producci\u00f3n, org\u00e1nico, ambiental, social, promoviendo la igualdad y el desarrollo de las familias productoras mediante la industrializaci\u00f3n y comercializaci\u00f3n justas de nuestro caf\u00e9s en el mercado local e internacional.&nbsp;<\/p>\n<\/div><\/div>\n\n\n\n<div class=\"guten-element guten-button-wrapper guten-t6AuD7\"><a class=\"guten-button animated guten-element-hide desktop-fadeInUp guten-button-sm\" href=\"#\"><span>ContactO<\/span><\/a><\/div>\n<\/div><\/div>\n<\/div><\/section><\/div>\n\n\n\n<div class=\"section-wrapper\" data-id=\"Jmjnhj\"><section class=\"wp-block-gutenverse-section guten-element guten-section guten-Jmjnhj layout-boxed align-stretch\"><div class=\"guten-shape-divider guten-shape-divider-top\"><\/div><div class=\"guten-container guten-column-gap-default\">\n<div class=\"wp-block-gutenverse-column guten-element guten-column guten-HTkVBY\"><div class=\"guten-column-wrapper\" data-id=\"HTkVBY\">\n<div class=\"section-wrapper\" data-id=\"i2cooj\"><section class=\"wp-block-gutenverse-section guten-element guten-section guten-i2cooj layout-boxed align-stretch\"><div class=\"guten-container guten-column-gap-default\">\n<div class=\"wp-block-gutenverse-column guten-element guten-column guten-l03XgJ\"><div class=\"guten-column-wrapper\" data-id=\"l03XgJ\">\n<div class=\"wp-block-gutenverse-image guten-element guten-image guten-ITwWw1\"><div class=\"guten-image-wrapper\"><img loading=\"lazy\" decoding=\"async\" class=\"gutenverse-image-box-filled\" src=\"https:\/\/aprocomsa.hn\/wp-content\/uploads\/2024\/08\/Apro-Logo-Blanco.png\" height=\"254\" width=\"1000\"\/><\/div><\/div>\n\n\n\n<div class=\"guten-element gutenverse-text-editor guten-EGZWn0\"><div class=\"text-content-inner\">\n<p>Asociaci\u00f3n de Productores Org\u00e1nicos COMSA<\/p>\n<\/div><\/div>\n\n\n\n<div class=\"guten-element guten-social-icons guten-Z6MdGg rounded horizontal custom\">\n<div class=\"guten-element guten-social-icon guten-ckCgnl twitter\"><a id=\"guten-ckCgnl\"><i class=\"fab fa-twitter\"><\/i><\/a><\/div>\n\n\n\n<div class=\"guten-element guten-social-icon guten-mru58Y facebook\"><a id=\"guten-mru58Y\" href=\"https:\/\/www.facebook.com\/profile.php?id=61564753694661\"><i class=\"gtn gtn-facebook-f\"><\/i><\/a><\/div>\n\n\n\n<div class=\"guten-element guten-social-icon guten-DS9PAD instagram\"><a id=\"guten-DS9PAD\"><i class=\"gtn gtn-instagram-1-light\"><\/i><\/a><\/div>\n\n\n\n<div class=\"guten-element guten-social-icon guten-g2FyfY youtube\"><a id=\"guten-g2FyfY\"><i class=\"fab fa-youtube\"><\/i><\/a><\/div>\n<\/div>\n<\/div><\/div>\n\n\n\n<div class=\"wp-block-gutenverse-column guten-element guten-column guten-XiDd6I\"><div class=\"guten-column-wrapper\" data-id=\"XiDd6I\">\n<h2 class=\"wp-block-gutenverse-heading guten-element guten-ormijW\">Contact<\/h2>\n\n\n\n<div class=\"guten-element guten-icon-list guten-skstzK\">\n<div class=\"guten-element guten-icon-list-item guten-u4rgxR\"><a id=\"guten-u4rgxR\"><i class=\"fas fa-map-marker-alt\"><\/i><span class=\"list-text \">Barrio La Victoria, Marcala, La Paz<\/span><\/a><\/div>\n\n\n\n<div class=\"guten-element guten-icon-list-item guten-TLw8Ss\"><a id=\"guten-TLw8Ss\"><i class=\"fas fa-phone-alt\"><\/i><span class=\"list-text \">(+504) 9218-9401<\/span><\/a><\/div>\n\n\n\n<div class=\"guten-element guten-icon-list-item guten-g9KKZJ\"><a id=\"guten-g9KKZJ\"><i class=\"fas fa-envelope\"><\/i><span class=\"list-text \">info@aprocomsa.hn<\/span><\/a><\/div>\n<\/div>\n<\/div><\/div>\n<\/div><\/section><\/div>\n\n\n\n<div class=\"section-wrapper\" data-id=\"ob9UeO\"><section class=\"wp-block-gutenverse-section guten-element guten-section guten-ob9UeO layout-boxed align-stretch\"><div class=\"guten-container guten-column-gap-no\">\n<div class=\"wp-block-gutenverse-column guten-element guten-column guten-iKOdkB\"><div class=\"guten-column-wrapper\" data-id=\"iKOdkB\">\n<div class=\"guten-element gutenverse-text-editor guten-icotpe\"><div class=\"text-content-inner\">\n<p>Copyright \u00a9 2024 APROCOMSA. All rights reserved.<\/p>\n<\/div><\/div>\n<\/div><\/div>\n<\/div><\/section><\/div>\n<\/div><\/div>\n<\/div><\/section><\/div>\n","protected":false},"excerpt":{"rendered":"","protected":false},"author":1,"featured_media":0,"parent":0,"menu_order":0,"comment_status":"closed","ping_status":"closed","template":"","meta":{"_uag_custom_page_level_css":"","footnotes":""},"class_list":["post-42","page","type-page","status-publish","hentry"],"uagb_featured_image_src":{"full":false,"thumbnail":false,"medium":false,"medium_large":false,"large":false,"1536x1536":false,"2048x2048":false},"uagb_author_info":{"display_name":"admin","author_link":"https:\/\/aprocomsa.hn\/index.php\/author\/admin_aprocomsa\/"},"uagb_comment_info":0,"uagb_excerpt":null,"_links":{"self":[{"href":"https:\/\/aprocomsa.hn\/index.php\/wp-json\/wp\/v2\/pages\/42","targetHints":{"allow":["GET"]}}],"collection":[{"href":"https:\/\/aprocomsa.hn\/index.php\/wp-json\/wp\/v2\/pages"}],"about":[{"href":"https:\/\/aprocomsa.hn\/index.php\/wp-json\/wp\/v2\/types\/page"}],"author":[{"embeddable":true,"href":"https:\/\/aprocomsa.hn\/index.php\/wp-json\/wp\/v2\/users\/1"}],"replies":[{"embeddable":true,"href":"https:\/\/aprocomsa.hn\/index.php\/wp-json\/wp\/v2\/comments?post=42"}],"version-history":[{"count":15,"href":"https:\/\/aprocomsa.hn\/index.php\/wp-json\/wp\/v2\/pages\/42\/revisions"}],"predecessor-version":[{"id":94,"href":"https:\/\/aprocomsa.hn\/index.php\/wp-json\/wp\/v2\/pages\/42\/revisions\/94"}],"wp:attachment":[{"href":"https:\/\/aprocomsa.hn\/index.php\/wp-json\/wp\/v2\/media?parent=42"}],"curies":[{"name":"wp","href":"https:\/\/api.w.org\/{rel}","templated":true}]}}